{"id":2563,"date":"2021-02-09T17:41:35","date_gmt":"2021-02-09T16:41:35","guid":{"rendered":"https:\/\/ride-on-woody.com\/shop\/batterie-12v-12-ah\/"},"modified":"2021-02-12T09:16:15","modified_gmt":"2021-02-12T08:16:15","slug":"batterie-12v-12-ah","status":"publish","type":"product","link":"https:\/\/ride-on-woody.com\/de\/shop\/batterie-12v-12-ah\/","title":{"rendered":"Batterie 12V \/ 12 Ah"},"content":{"rendered":"","protected":false},"excerpt":{"rendered":"<p>Ersatzbatterie f\u00fcr alle Kinderfahrzeuge mit 12-V-System. Mit einer Kapazit\u00e4t von 12 Ah bietet es auch eine erh\u00f6hte Kapazit\u00e4t, wie sie von der Originalbatterie angeboten wird, insbesondere f\u00fcr Fahrzeuge in der unteren Preisklasse. Wir empfehlen es auch als Ersatzbatterie f\u00fcr eine l\u00e4ngere Autonomie von Woody CAR-Fahrzeugen.<\/p>\n<p>Der Batteriewechsel ist bei den meisten Systemen ohne \u00c4nderungen m\u00f6glich. Im Zweifelsfall schreiben Sie uns und wir beraten Sie.<\/p>\n","protected":false},"featured_media":2969,"comment_status":"closed","ping_status":"closed","template":"","meta":[],"product_brand":[],"product_cat":[106],"product_tag":[107],"class_list":{"0":"post-2563","1":"product","2":"type-product","3":"status-publish","4":"has-post-thumbnail","6":"product_cat-ersatzteile","7":"product_tag-batterie","8":"product_shipping_class-klaine","9":"product_shipping_class-majhen-paket-de","11":"first","12":"instock","13":"taxable","14":"shipping-taxable","15":"purchasable","16":"product-type-simple"},"yoast_head":"<!-- This site is optimized with the Yoast SEO plugin v26.3 - https:\/\/yoast.com\/wordpress\/plugins\/seo\/ -->\n<title>Ersatz \/ zus\u00e4tzlicher Batterie 12V \/ 12 Ah | Woody | ride-on batterie<\/title>\n<meta name=\"description\" content=\"Ersatzbatterie f\u00fcr alle Arten von Woody und andere Kinderfahrzeuge mit 12-V-System | \u00dcberlegene Kapazit\u00e4t und Qualit\u00e4t finden Sie im Gesch\u00e4ft\" \/>\n<meta name=\"robots\" content=\"index, follow, max-snippet:-1, max-image-preview:large, max-video-preview:-1\" \/>\n<link rel=\"canonical\" href=\"https:\/\/ride-on-woody.com\/de\/shop\/batterie-12v-12-ah\/\" \/>\n<meta property=\"og:locale\" content=\"de_DE\" \/>\n<meta property=\"og:type\" content=\"article\" \/>\n<meta property=\"og:title\" content=\"Ersatz \/ zus\u00e4tzlicher Batterie 12V \/ 12 Ah | Woody | ride-on batterie\" \/>\n<meta property=\"og:description\" content=\"Ersatzbatterie f\u00fcr alle Arten von Woody und andere Kinderfahrzeuge mit 12-V-System | \u00dcberlegene Kapazit\u00e4t und Qualit\u00e4t finden Sie im Gesch\u00e4ft\" \/>\n<meta property=\"og:url\" content=\"https:\/\/ride-on-woody.com\/de\/shop\/batterie-12v-12-ah\/\" \/>\n<meta property=\"og:site_name\" content=\"Woody\" \/>\n<meta property=\"article:publisher\" content=\"https:\/\/www.facebook.com\/rideonwoody\" \/>\n<meta property=\"article:modified_time\" content=\"2021-02-12T08:16:15+00:00\" \/>\n<meta property=\"og:image\" content=\"https:\/\/i0.wp.com\/ride-on-woody.com\/wp-content\/uploads\/2021\/02\/AKUMULATOR-12V-12AH-PS12-12-1.png?fit=1083%2C889&ssl=1\" \/>\n\t<meta property=\"og:image:width\" content=\"1083\" \/>\n\t<meta property=\"og:image:height\" content=\"889\" \/>\n\t<meta property=\"og:image:type\" content=\"image\/png\" \/>\n<meta name=\"twitter:card\" content=\"summary_large_image\" \/>\n<script type=\"application\/ld+json\" class=\"yoast-schema-graph\">{\"@context\":\"https:\/\/schema.org\",\"@graph\":[{\"@type\":\"WebPage\",\"@id\":\"https:\/\/ride-on-woody.com\/de\/shop\/batterie-12v-12-ah\/\",\"url\":\"https:\/\/ride-on-woody.com\/de\/shop\/batterie-12v-12-ah\/\",\"name\":\"Ersatz \/ zus\u00e4tzlicher Batterie 12V \/ 12 Ah | Woody | ride-on batterie\",\"isPartOf\":{\"@id\":\"https:\/\/ride-on-woody.com\/de\/#website\"},\"primaryImageOfPage\":{\"@id\":\"https:\/\/ride-on-woody.com\/de\/shop\/batterie-12v-12-ah\/#primaryimage\"},\"image\":{\"@id\":\"https:\/\/ride-on-woody.com\/de\/shop\/batterie-12v-12-ah\/#primaryimage\"},\"thumbnailUrl\":\"https:\/\/i0.wp.com\/ride-on-woody.com\/wp-content\/uploads\/2021\/02\/AKUMULATOR-12V-12AH-PS12-12-1.png?fit=1083%2C889&ssl=1\",\"datePublished\":\"2021-02-09T16:41:35+00:00\",\"dateModified\":\"2021-02-12T08:16:15+00:00\",\"description\":\"Ersatzbatterie f\u00fcr alle Arten von Woody und andere Kinderfahrzeuge mit 12-V-System | \u00dcberlegene Kapazit\u00e4t und Qualit\u00e4t finden Sie im Gesch\u00e4ft\",\"breadcrumb\":{\"@id\":\"https:\/\/ride-on-woody.com\/de\/shop\/batterie-12v-12-ah\/#breadcrumb\"},\"inLanguage\":\"de\",\"potentialAction\":[{\"@type\":\"ReadAction\",\"target\":[\"https:\/\/ride-on-woody.com\/de\/shop\/batterie-12v-12-ah\/\"]}]},{\"@type\":\"ImageObject\",\"inLanguage\":\"de\",\"@id\":\"https:\/\/ride-on-woody.com\/de\/shop\/batterie-12v-12-ah\/#primaryimage\",\"url\":\"https:\/\/i0.wp.com\/ride-on-woody.com\/wp-content\/uploads\/2021\/02\/AKUMULATOR-12V-12AH-PS12-12-1.png?fit=1083%2C889&ssl=1\",\"contentUrl\":\"https:\/\/i0.wp.com\/ride-on-woody.com\/wp-content\/uploads\/2021\/02\/AKUMULATOR-12V-12AH-PS12-12-1.png?fit=1083%2C889&ssl=1\",\"width\":1083,\"height\":889},{\"@type\":\"BreadcrumbList\",\"@id\":\"https:\/\/ride-on-woody.com\/de\/shop\/batterie-12v-12-ah\/#breadcrumb\",\"itemListElement\":[{\"@type\":\"ListItem\",\"position\":1,\"name\":\"Home\",\"item\":\"https:\/\/ride-on-woody.com\/de\/\"},{\"@type\":\"ListItem\",\"position\":2,\"name\":\"Trgovina\",\"item\":\"https:\/\/ride-on-woody.com\/shop\/\"},{\"@type\":\"ListItem\",\"position\":3,\"name\":\"Batterie 12V \/ 12 Ah\"}]},{\"@type\":\"WebSite\",\"@id\":\"https:\/\/ride-on-woody.com\/de\/#website\",\"url\":\"https:\/\/ride-on-woody.com\/de\/\",\"name\":\"Woody\",\"description\":\"Prvi leseni elektri\u010dni avto na svetu!\",\"publisher\":{\"@id\":\"https:\/\/ride-on-woody.com\/de\/#organization\"},\"potentialAction\":[{\"@type\":\"SearchAction\",\"target\":{\"@type\":\"EntryPoint\",\"urlTemplate\":\"https:\/\/ride-on-woody.com\/de\/?s={search_term_string}\"},\"query-input\":{\"@type\":\"PropertyValueSpecification\",\"valueRequired\":true,\"valueName\":\"search_term_string\"}}],\"inLanguage\":\"de\"},{\"@type\":\"Organization\",\"@id\":\"https:\/\/ride-on-woody.com\/de\/#organization\",\"name\":\"Woody ride-on cars\",\"url\":\"https:\/\/ride-on-woody.com\/de\/\",\"logo\":{\"@type\":\"ImageObject\",\"inLanguage\":\"de\",\"@id\":\"https:\/\/ride-on-woody.com\/de\/#\/schema\/logo\/image\/\",\"url\":\"https:\/\/i2.wp.com\/ride-on-woody.com\/wp-content\/uploads\/2020\/06\/IMG_3110-1.jpg?fit=619%2C619&ssl=1\",\"contentUrl\":\"https:\/\/i2.wp.com\/ride-on-woody.com\/wp-content\/uploads\/2020\/06\/IMG_3110-1.jpg?fit=619%2C619&ssl=1\",\"width\":619,\"height\":619,\"caption\":\"Woody ride-on cars\"},\"image\":{\"@id\":\"https:\/\/ride-on-woody.com\/de\/#\/schema\/logo\/image\/\"},\"sameAs\":[\"https:\/\/www.facebook.com\/rideonwoody\",\"https:\/\/www.instagram.com\/ride_on_woody\/\",\"https:\/\/www.youtube.com\/watch?v=EZW9ILtCOVs&amp;amp;amp;amp;amp;amp;feature=youtu.be\"]}]}<\/script>\n<!-- \/ Yoast SEO plugin. -->","yoast_head_json":{"title":"Ersatz \/ zus\u00e4tzlicher Batterie 12V \/ 12 Ah | Woody | ride-on batterie","description":"Ersatzbatterie f\u00fcr alle Arten von Woody und andere Kinderfahrzeuge mit 12-V-System | \u00dcberlegene Kapazit\u00e4t und Qualit\u00e4t finden Sie im Gesch\u00e4ft","robots":{"index":"index","follow":"follow","max-snippet":"max-snippet:-1","max-image-preview":"max-image-preview:large","max-video-preview":"max-video-preview:-1"},"canonical":"https:\/\/ride-on-woody.com\/de\/shop\/batterie-12v-12-ah\/","og_locale":"de_DE","og_type":"article","og_title":"Ersatz \/ zus\u00e4tzlicher Batterie 12V \/ 12 Ah | Woody | ride-on batterie","og_description":"Ersatzbatterie f\u00fcr alle Arten von Woody und andere Kinderfahrzeuge mit 12-V-System | \u00dcberlegene Kapazit\u00e4t und Qualit\u00e4t finden Sie im Gesch\u00e4ft","og_url":"https:\/\/ride-on-woody.com\/de\/shop\/batterie-12v-12-ah\/","og_site_name":"Woody","article_publisher":"https:\/\/www.facebook.com\/rideonwoody","article_modified_time":"2021-02-12T08:16:15+00:00","og_image":[{"width":1083,"height":889,"url":"https:\/\/i0.wp.com\/ride-on-woody.com\/wp-content\/uploads\/2021\/02\/AKUMULATOR-12V-12AH-PS12-12-1.png?fit=1083%2C889&ssl=1","type":"image\/png"}],"twitter_card":"summary_large_image","schema":{"@context":"https:\/\/schema.org","@graph":[{"@type":"WebPage","@id":"https:\/\/ride-on-woody.com\/de\/shop\/batterie-12v-12-ah\/","url":"https:\/\/ride-on-woody.com\/de\/shop\/batterie-12v-12-ah\/","name":"Ersatz \/ zus\u00e4tzlicher Batterie 12V \/ 12 Ah | Woody | ride-on batterie","isPartOf":{"@id":"https:\/\/ride-on-woody.com\/de\/#website"},"primaryImageOfPage":{"@id":"https:\/\/ride-on-woody.com\/de\/shop\/batterie-12v-12-ah\/#primaryimage"},"image":{"@id":"https:\/\/ride-on-woody.com\/de\/shop\/batterie-12v-12-ah\/#primaryimage"},"thumbnailUrl":"https:\/\/i0.wp.com\/ride-on-woody.com\/wp-content\/uploads\/2021\/02\/AKUMULATOR-12V-12AH-PS12-12-1.png?fit=1083%2C889&ssl=1","datePublished":"2021-02-09T16:41:35+00:00","dateModified":"2021-02-12T08:16:15+00:00","description":"Ersatzbatterie f\u00fcr alle Arten von Woody und andere Kinderfahrzeuge mit 12-V-System | \u00dcberlegene Kapazit\u00e4t und Qualit\u00e4t finden Sie im Gesch\u00e4ft","breadcrumb":{"@id":"https:\/\/ride-on-woody.com\/de\/shop\/batterie-12v-12-ah\/#breadcrumb"},"inLanguage":"de","potentialAction":[{"@type":"ReadAction","target":["https:\/\/ride-on-woody.com\/de\/shop\/batterie-12v-12-ah\/"]}]},{"@type":"ImageObject","inLanguage":"de","@id":"https:\/\/ride-on-woody.com\/de\/shop\/batterie-12v-12-ah\/#primaryimage","url":"https:\/\/i0.wp.com\/ride-on-woody.com\/wp-content\/uploads\/2021\/02\/AKUMULATOR-12V-12AH-PS12-12-1.png?fit=1083%2C889&ssl=1","contentUrl":"https:\/\/i0.wp.com\/ride-on-woody.com\/wp-content\/uploads\/2021\/02\/AKUMULATOR-12V-12AH-PS12-12-1.png?fit=1083%2C889&ssl=1","width":1083,"height":889},{"@type":"BreadcrumbList","@id":"https:\/\/ride-on-woody.com\/de\/shop\/batterie-12v-12-ah\/#breadcrumb","itemListElement":[{"@type":"ListItem","position":1,"name":"Home","item":"https:\/\/ride-on-woody.com\/de\/"},{"@type":"ListItem","position":2,"name":"Trgovina","item":"https:\/\/ride-on-woody.com\/shop\/"},{"@type":"ListItem","position":3,"name":"Batterie 12V \/ 12 Ah"}]},{"@type":"WebSite","@id":"https:\/\/ride-on-woody.com\/de\/#website","url":"https:\/\/ride-on-woody.com\/de\/","name":"Woody","description":"Prvi leseni elektri\u010dni avto na svetu!","publisher":{"@id":"https:\/\/ride-on-woody.com\/de\/#organization"},"potentialAction":[{"@type":"SearchAction","target":{"@type":"EntryPoint","urlTemplate":"https:\/\/ride-on-woody.com\/de\/?s={search_term_string}"},"query-input":{"@type":"PropertyValueSpecification","valueRequired":true,"valueName":"search_term_string"}}],"inLanguage":"de"},{"@type":"Organization","@id":"https:\/\/ride-on-woody.com\/de\/#organization","name":"Woody ride-on cars","url":"https:\/\/ride-on-woody.com\/de\/","logo":{"@type":"ImageObject","inLanguage":"de","@id":"https:\/\/ride-on-woody.com\/de\/#\/schema\/logo\/image\/","url":"https:\/\/i2.wp.com\/ride-on-woody.com\/wp-content\/uploads\/2020\/06\/IMG_3110-1.jpg?fit=619%2C619&ssl=1","contentUrl":"https:\/\/i2.wp.com\/ride-on-woody.com\/wp-content\/uploads\/2020\/06\/IMG_3110-1.jpg?fit=619%2C619&ssl=1","width":619,"height":619,"caption":"Woody ride-on cars"},"image":{"@id":"https:\/\/ride-on-woody.com\/de\/#\/schema\/logo\/image\/"},"sameAs":["https:\/\/www.facebook.com\/rideonwoody","https:\/\/www.instagram.com\/ride_on_woody\/","https:\/\/www.youtube.com\/watch?v=EZW9ILtCOVs&amp;amp;amp;amp;amp;amp;feature=youtu.be"]}]}},"jetpack_sharing_enabled":true,"_links":{"self":[{"href":"https:\/\/ride-on-woody.com\/de\/wp-json\/wp\/v2\/product\/2563","targetHints":{"allow":["GET"]}}],"collection":[{"href":"https:\/\/ride-on-woody.com\/de\/wp-json\/wp\/v2\/product"}],"about":[{"href":"https:\/\/ride-on-woody.com\/de\/wp-json\/wp\/v2\/types\/product"}],"replies":[{"embeddable":true,"href":"https:\/\/ride-on-woody.com\/de\/wp-json\/wp\/v2\/comments?post=2563"}],"version-history":[{"count":1,"href":"https:\/\/ride-on-woody.com\/de\/wp-json\/wp\/v2\/product\/2563\/revisions"}],"predecessor-version":[{"id":2565,"href":"https:\/\/ride-on-woody.com\/de\/wp-json\/wp\/v2\/product\/2563\/revisions\/2565"}],"wp:featuredmedia":[{"embeddable":true,"href":"https:\/\/ride-on-woody.com\/de\/wp-json\/wp\/v2\/media\/2969"}],"wp:attachment":[{"href":"https:\/\/ride-on-woody.com\/de\/wp-json\/wp\/v2\/media?parent=2563"}],"wp:term":[{"taxonomy":"product_brand","embeddable":true,"href":"https:\/\/ride-on-woody.com\/de\/wp-json\/wp\/v2\/product_brand?post=2563"},{"taxonomy":"product_cat","embeddable":true,"href":"https:\/\/ride-on-woody.com\/de\/wp-json\/wp\/v2\/product_cat?post=2563"},{"taxonomy":"product_tag","embeddable":true,"href":"https:\/\/ride-on-woody.com\/de\/wp-json\/wp\/v2\/product_tag?post=2563"}],"curies":[{"name":"wp","href":"https:\/\/api.w.org\/{rel}","templated":true}]}}