{"id":2539,"date":"2021-02-09T14:50:57","date_gmt":"2021-02-09T13:50:57","guid":{"rendered":"https:\/\/ride-on-woody.com\/?post_type=product&#038;p=2539"},"modified":"2021-03-07T19:57:34","modified_gmt":"2021-03-07T18:57:34","slug":"baterija-12v-12-ah","status":"publish","type":"product","link":"https:\/\/ride-on-woody.com\/sl\/shop\/baterija-12v-12-ah\/","title":{"rendered":"Baterija 12V \/ 12 Ah"},"content":{"rendered":"","protected":false},"excerpt":{"rendered":"<p>Nadomestna baterija primerna za vsa ride-on otro\u0161ka vozila z 12 V sistemom. 12 Ah zagotavlja ve\u010djo kapaciteto kot jo obi\u010dajno ponuja originalna baterija, predvsem pri vozilih ni\u017ejega cenovnega razreda. Priporo\u010damo tudi kot nadomestno baterijo za dalj\u0161o avtonomijo Woody CAR avtomobil\u010dkov.<\/p>\n<p>Zamenjava baterije je pri ve\u010dini sistemov mo\u017ena brez predelav. V kolikor ste v dvomih, nam pi\u0161ite in vam bomo svetovali.<\/p>\n","protected":false},"featured_media":2970,"comment_status":"closed","ping_status":"closed","template":"","meta":[],"product_brand":[],"product_cat":[66],"product_tag":[101],"class_list":{"0":"post-2539","1":"product","2":"type-product","3":"status-publish","4":"has-post-thumbnail","6":"product_cat-rezervni-deli","7":"product_tag-baterija","8":"product_shipping_class-majhen-paket","10":"first","11":"instock","12":"taxable","13":"shipping-taxable","14":"purchasable","15":"product-type-simple"},"yoast_head":"<!-- This site is optimized with the Yoast SEO plugin v26.3 - https:\/\/yoast.com\/wordpress\/plugins\/seo\/ -->\n<title>Nadomestna\/ dodatna Baterija 12V \/ 12 Ah | Woody<\/title>\n<meta name=\"description\" content=\"Nadomestna baterija za vse vrste Woody in ostalih otro\u0161kih vozil z 12V sistemom | Nadstandardna kapaciteta in kvaliteta. Najdete jo v na\u0161i trgovini\" \/>\n<meta name=\"robots\" content=\"index, follow, max-snippet:-1, max-image-preview:large, max-video-preview:-1\" \/>\n<link rel=\"canonical\" href=\"https:\/\/ride-on-woody.com\/sl\/shop\/baterija-12v-12-ah\/\" \/>\n<meta property=\"og:locale\" content=\"sl_SI\" \/>\n<meta property=\"og:type\" content=\"article\" \/>\n<meta property=\"og:title\" content=\"Nadomestna\/ dodatna Baterija 12V \/ 12 Ah | Woody\" \/>\n<meta property=\"og:description\" content=\"Nadomestna baterija za vse vrste Woody in ostalih otro\u0161kih vozil z 12V sistemom | Nadstandardna kapaciteta in kvaliteta. Najdete jo v na\u0161i trgovini\" \/>\n<meta property=\"og:url\" content=\"https:\/\/ride-on-woody.com\/sl\/shop\/baterija-12v-12-ah\/\" \/>\n<meta property=\"og:site_name\" content=\"Woody\" \/>\n<meta property=\"article:publisher\" content=\"https:\/\/www.facebook.com\/rideonwoody\" \/>\n<meta property=\"article:modified_time\" content=\"2021-03-07T18:57:34+00:00\" \/>\n<meta property=\"og:image\" content=\"https:\/\/i0.wp.com\/ride-on-woody.com\/wp-content\/uploads\/2021\/02\/AKUMULATOR-12V-12AH-PS12-12-1.png?fit=1083%2C889&ssl=1\" \/>\n\t<meta property=\"og:image:width\" content=\"1083\" \/>\n\t<meta property=\"og:image:height\" content=\"889\" \/>\n\t<meta property=\"og:image:type\" content=\"image\/png\" \/>\n<meta name=\"twitter:card\" content=\"summary_large_image\" \/>\n<script type=\"application\/ld+json\" class=\"yoast-schema-graph\">{\"@context\":\"https:\/\/schema.org\",\"@graph\":[{\"@type\":\"WebPage\",\"@id\":\"https:\/\/ride-on-woody.com\/sl\/shop\/baterija-12v-12-ah\/\",\"url\":\"https:\/\/ride-on-woody.com\/sl\/shop\/baterija-12v-12-ah\/\",\"name\":\"Nadomestna\/ dodatna Baterija 12V \/ 12 Ah | Woody\",\"isPartOf\":{\"@id\":\"https:\/\/ride-on-woody.com\/sl\/#website\"},\"primaryImageOfPage\":{\"@id\":\"https:\/\/ride-on-woody.com\/sl\/shop\/baterija-12v-12-ah\/#primaryimage\"},\"image\":{\"@id\":\"https:\/\/ride-on-woody.com\/sl\/shop\/baterija-12v-12-ah\/#primaryimage\"},\"thumbnailUrl\":\"https:\/\/i0.wp.com\/ride-on-woody.com\/wp-content\/uploads\/2021\/02\/AKUMULATOR-12V-12AH-PS12-12-1.png?fit=1083%2C889&ssl=1\",\"datePublished\":\"2021-02-09T13:50:57+00:00\",\"dateModified\":\"2021-03-07T18:57:34+00:00\",\"description\":\"Nadomestna baterija za vse vrste Woody in ostalih otro\u0161kih vozil z 12V sistemom | Nadstandardna kapaciteta in kvaliteta. Najdete jo v na\u0161i trgovini\",\"breadcrumb\":{\"@id\":\"https:\/\/ride-on-woody.com\/sl\/shop\/baterija-12v-12-ah\/#breadcrumb\"},\"inLanguage\":\"sl-SI\",\"potentialAction\":[{\"@type\":\"ReadAction\",\"target\":[\"https:\/\/ride-on-woody.com\/sl\/shop\/baterija-12v-12-ah\/\"]}]},{\"@type\":\"ImageObject\",\"inLanguage\":\"sl-SI\",\"@id\":\"https:\/\/ride-on-woody.com\/sl\/shop\/baterija-12v-12-ah\/#primaryimage\",\"url\":\"https:\/\/i0.wp.com\/ride-on-woody.com\/wp-content\/uploads\/2021\/02\/AKUMULATOR-12V-12AH-PS12-12-1.png?fit=1083%2C889&ssl=1\",\"contentUrl\":\"https:\/\/i0.wp.com\/ride-on-woody.com\/wp-content\/uploads\/2021\/02\/AKUMULATOR-12V-12AH-PS12-12-1.png?fit=1083%2C889&ssl=1\",\"width\":1083,\"height\":889},{\"@type\":\"BreadcrumbList\",\"@id\":\"https:\/\/ride-on-woody.com\/sl\/shop\/baterija-12v-12-ah\/#breadcrumb\",\"itemListElement\":[{\"@type\":\"ListItem\",\"position\":1,\"name\":\"Home\",\"item\":\"https:\/\/ride-on-woody.com\/sl\/\"},{\"@type\":\"ListItem\",\"position\":2,\"name\":\"Trgovina\",\"item\":\"https:\/\/ride-on-woody.com\/shop\/\"},{\"@type\":\"ListItem\",\"position\":3,\"name\":\"Baterija 12V \/ 12 Ah\"}]},{\"@type\":\"WebSite\",\"@id\":\"https:\/\/ride-on-woody.com\/sl\/#website\",\"url\":\"https:\/\/ride-on-woody.com\/sl\/\",\"name\":\"Woody\",\"description\":\"Prvi leseni elektri\u010dni avto za otroke na svetu!\",\"publisher\":{\"@id\":\"https:\/\/ride-on-woody.com\/sl\/#organization\"},\"potentialAction\":[{\"@type\":\"SearchAction\",\"target\":{\"@type\":\"EntryPoint\",\"urlTemplate\":\"https:\/\/ride-on-woody.com\/sl\/?s={search_term_string}\"},\"query-input\":{\"@type\":\"PropertyValueSpecification\",\"valueRequired\":true,\"valueName\":\"search_term_string\"}}],\"inLanguage\":\"sl-SI\"},{\"@type\":\"Organization\",\"@id\":\"https:\/\/ride-on-woody.com\/sl\/#organization\",\"name\":\"Woody ride-on cars\",\"url\":\"https:\/\/ride-on-woody.com\/sl\/\",\"logo\":{\"@type\":\"ImageObject\",\"inLanguage\":\"sl-SI\",\"@id\":\"https:\/\/ride-on-woody.com\/sl\/#\/schema\/logo\/image\/\",\"url\":\"https:\/\/i2.wp.com\/ride-on-woody.com\/wp-content\/uploads\/2020\/06\/IMG_3110-1.jpg?fit=619%2C619&ssl=1\",\"contentUrl\":\"https:\/\/i2.wp.com\/ride-on-woody.com\/wp-content\/uploads\/2020\/06\/IMG_3110-1.jpg?fit=619%2C619&ssl=1\",\"width\":619,\"height\":619,\"caption\":\"Woody ride-on cars\"},\"image\":{\"@id\":\"https:\/\/ride-on-woody.com\/sl\/#\/schema\/logo\/image\/\"},\"sameAs\":[\"https:\/\/www.facebook.com\/rideonwoody\",\"https:\/\/www.instagram.com\/ride_on_woody\/\",\"https:\/\/www.youtube.com\/watch?v=EZW9ILtCOVs&amp;amp;amp;amp;amp;amp;feature=youtu.be\"]}]}<\/script>\n<!-- \/ Yoast SEO plugin. -->","yoast_head_json":{"title":"Nadomestna\/ dodatna Baterija 12V \/ 12 Ah | Woody","description":"Nadomestna baterija za vse vrste Woody in ostalih otro\u0161kih vozil z 12V sistemom | Nadstandardna kapaciteta in kvaliteta. Najdete jo v na\u0161i trgovini","robots":{"index":"index","follow":"follow","max-snippet":"max-snippet:-1","max-image-preview":"max-image-preview:large","max-video-preview":"max-video-preview:-1"},"canonical":"https:\/\/ride-on-woody.com\/sl\/shop\/baterija-12v-12-ah\/","og_locale":"sl_SI","og_type":"article","og_title":"Nadomestna\/ dodatna Baterija 12V \/ 12 Ah | Woody","og_description":"Nadomestna baterija za vse vrste Woody in ostalih otro\u0161kih vozil z 12V sistemom | Nadstandardna kapaciteta in kvaliteta. Najdete jo v na\u0161i trgovini","og_url":"https:\/\/ride-on-woody.com\/sl\/shop\/baterija-12v-12-ah\/","og_site_name":"Woody","article_publisher":"https:\/\/www.facebook.com\/rideonwoody","article_modified_time":"2021-03-07T18:57:34+00:00","og_image":[{"width":1083,"height":889,"url":"https:\/\/i0.wp.com\/ride-on-woody.com\/wp-content\/uploads\/2021\/02\/AKUMULATOR-12V-12AH-PS12-12-1.png?fit=1083%2C889&ssl=1","type":"image\/png"}],"twitter_card":"summary_large_image","schema":{"@context":"https:\/\/schema.org","@graph":[{"@type":"WebPage","@id":"https:\/\/ride-on-woody.com\/sl\/shop\/baterija-12v-12-ah\/","url":"https:\/\/ride-on-woody.com\/sl\/shop\/baterija-12v-12-ah\/","name":"Nadomestna\/ dodatna Baterija 12V \/ 12 Ah | Woody","isPartOf":{"@id":"https:\/\/ride-on-woody.com\/sl\/#website"},"primaryImageOfPage":{"@id":"https:\/\/ride-on-woody.com\/sl\/shop\/baterija-12v-12-ah\/#primaryimage"},"image":{"@id":"https:\/\/ride-on-woody.com\/sl\/shop\/baterija-12v-12-ah\/#primaryimage"},"thumbnailUrl":"https:\/\/i0.wp.com\/ride-on-woody.com\/wp-content\/uploads\/2021\/02\/AKUMULATOR-12V-12AH-PS12-12-1.png?fit=1083%2C889&ssl=1","datePublished":"2021-02-09T13:50:57+00:00","dateModified":"2021-03-07T18:57:34+00:00","description":"Nadomestna baterija za vse vrste Woody in ostalih otro\u0161kih vozil z 12V sistemom | Nadstandardna kapaciteta in kvaliteta. Najdete jo v na\u0161i trgovini","breadcrumb":{"@id":"https:\/\/ride-on-woody.com\/sl\/shop\/baterija-12v-12-ah\/#breadcrumb"},"inLanguage":"sl-SI","potentialAction":[{"@type":"ReadAction","target":["https:\/\/ride-on-woody.com\/sl\/shop\/baterija-12v-12-ah\/"]}]},{"@type":"ImageObject","inLanguage":"sl-SI","@id":"https:\/\/ride-on-woody.com\/sl\/shop\/baterija-12v-12-ah\/#primaryimage","url":"https:\/\/i0.wp.com\/ride-on-woody.com\/wp-content\/uploads\/2021\/02\/AKUMULATOR-12V-12AH-PS12-12-1.png?fit=1083%2C889&ssl=1","contentUrl":"https:\/\/i0.wp.com\/ride-on-woody.com\/wp-content\/uploads\/2021\/02\/AKUMULATOR-12V-12AH-PS12-12-1.png?fit=1083%2C889&ssl=1","width":1083,"height":889},{"@type":"BreadcrumbList","@id":"https:\/\/ride-on-woody.com\/sl\/shop\/baterija-12v-12-ah\/#breadcrumb","itemListElement":[{"@type":"ListItem","position":1,"name":"Home","item":"https:\/\/ride-on-woody.com\/sl\/"},{"@type":"ListItem","position":2,"name":"Trgovina","item":"https:\/\/ride-on-woody.com\/shop\/"},{"@type":"ListItem","position":3,"name":"Baterija 12V \/ 12 Ah"}]},{"@type":"WebSite","@id":"https:\/\/ride-on-woody.com\/sl\/#website","url":"https:\/\/ride-on-woody.com\/sl\/","name":"Woody","description":"Prvi leseni elektri\u010dni avto za otroke na svetu!","publisher":{"@id":"https:\/\/ride-on-woody.com\/sl\/#organization"},"potentialAction":[{"@type":"SearchAction","target":{"@type":"EntryPoint","urlTemplate":"https:\/\/ride-on-woody.com\/sl\/?s={search_term_string}"},"query-input":{"@type":"PropertyValueSpecification","valueRequired":true,"valueName":"search_term_string"}}],"inLanguage":"sl-SI"},{"@type":"Organization","@id":"https:\/\/ride-on-woody.com\/sl\/#organization","name":"Woody ride-on cars","url":"https:\/\/ride-on-woody.com\/sl\/","logo":{"@type":"ImageObject","inLanguage":"sl-SI","@id":"https:\/\/ride-on-woody.com\/sl\/#\/schema\/logo\/image\/","url":"https:\/\/i2.wp.com\/ride-on-woody.com\/wp-content\/uploads\/2020\/06\/IMG_3110-1.jpg?fit=619%2C619&ssl=1","contentUrl":"https:\/\/i2.wp.com\/ride-on-woody.com\/wp-content\/uploads\/2020\/06\/IMG_3110-1.jpg?fit=619%2C619&ssl=1","width":619,"height":619,"caption":"Woody ride-on cars"},"image":{"@id":"https:\/\/ride-on-woody.com\/sl\/#\/schema\/logo\/image\/"},"sameAs":["https:\/\/www.facebook.com\/rideonwoody","https:\/\/www.instagram.com\/ride_on_woody\/","https:\/\/www.youtube.com\/watch?v=EZW9ILtCOVs&amp;amp;amp;amp;amp;amp;feature=youtu.be"]}]}},"jetpack_sharing_enabled":true,"_links":{"self":[{"href":"https:\/\/ride-on-woody.com\/sl\/wp-json\/wp\/v2\/product\/2539","targetHints":{"allow":["GET"]}}],"collection":[{"href":"https:\/\/ride-on-woody.com\/sl\/wp-json\/wp\/v2\/product"}],"about":[{"href":"https:\/\/ride-on-woody.com\/sl\/wp-json\/wp\/v2\/types\/product"}],"replies":[{"embeddable":true,"href":"https:\/\/ride-on-woody.com\/sl\/wp-json\/wp\/v2\/comments?post=2539"}],"version-history":[{"count":2,"href":"https:\/\/ride-on-woody.com\/sl\/wp-json\/wp\/v2\/product\/2539\/revisions"}],"predecessor-version":[{"id":3016,"href":"https:\/\/ride-on-woody.com\/sl\/wp-json\/wp\/v2\/product\/2539\/revisions\/3016"}],"wp:featuredmedia":[{"embeddable":true,"href":"https:\/\/ride-on-woody.com\/sl\/wp-json\/wp\/v2\/media\/2970"}],"wp:attachment":[{"href":"https:\/\/ride-on-woody.com\/sl\/wp-json\/wp\/v2\/media?parent=2539"}],"wp:term":[{"taxonomy":"product_brand","embeddable":true,"href":"https:\/\/ride-on-woody.com\/sl\/wp-json\/wp\/v2\/product_brand?post=2539"},{"taxonomy":"product_cat","embeddable":true,"href":"https:\/\/ride-on-woody.com\/sl\/wp-json\/wp\/v2\/product_cat?post=2539"},{"taxonomy":"product_tag","embeddable":true,"href":"https:\/\/ride-on-woody.com\/sl\/wp-json\/wp\/v2\/product_tag?post=2539"}],"curies":[{"name":"wp","href":"https:\/\/api.w.org\/{rel}","templated":true}]}}