{"id":2897,"date":"2021-02-11T14:07:38","date_gmt":"2021-02-11T13:07:38","guid":{"rendered":"https:\/\/ride-on-woody.com\/?post_type=product&#038;p=2897"},"modified":"2021-03-07T19:51:51","modified_gmt":"2021-03-07T18:51:51","slug":"polnilec-2a","status":"publish","type":"product","link":"https:\/\/ride-on-woody.com\/sl\/shop\/polnilec-2a\/","title":{"rendered":"Polnilec 2A"},"content":{"rendered":"<p>Nadomestni polnilec za polnjenje 12V sistemov. Z 2-krat ve\u010djo mo\u010djo napolni baterijo v pol kraj\u0161em \u010dasu. Z indikacijsko lu\u010dko polnjenja.<\/p>\n","protected":false},"excerpt":{"rendered":"<p>Nadomestni polnilec za polnjenje 12V sistemov. Z 2-krat ve\u010djo mo\u010djo napolni baterijo v pol kraj\u0161em \u010dasu. Z indikacijsko lu\u010dko polnjenja.<\/p>\n","protected":false},"featured_media":2888,"comment_status":"closed","ping_status":"closed","template":"","meta":[],"product_brand":[],"product_cat":[66],"product_tag":[115],"class_list":{"0":"post-2897","1":"product","2":"type-product","3":"status-publish","4":"has-post-thumbnail","6":"product_cat-rezervni-deli","7":"product_tag-polnilec","8":"product_shipping_class-majhen-paket","10":"first","11":"instock","12":"taxable","13":"shipping-taxable","14":"purchasable","15":"product-type-variable"},"yoast_head":"<!-- This site is optimized with the Yoast SEO plugin v26.3 - https:\/\/yoast.com\/wordpress\/plugins\/seo\/ -->\n<title>Polnilec 2A | Woody<\/title>\n<meta name=\"description\" content=\"Polnilec za polnenje 12V baterijskih sistemov. Z indikacijsko lu\u010dko.\" \/>\n<meta name=\"robots\" content=\"index, follow, max-snippet:-1, max-image-preview:large, max-video-preview:-1\" \/>\n<link rel=\"canonical\" href=\"https:\/\/ride-on-woody.com\/sl\/shop\/polnilec-2a\/\" \/>\n<meta property=\"og:locale\" content=\"sl_SI\" \/>\n<meta property=\"og:type\" content=\"article\" \/>\n<meta property=\"og:title\" content=\"Polnilec 2A | Woody\" \/>\n<meta property=\"og:description\" content=\"Polnilec za polnenje 12V baterijskih sistemov. Z indikacijsko lu\u010dko.\" \/>\n<meta property=\"og:url\" content=\"https:\/\/ride-on-woody.com\/sl\/shop\/polnilec-2a\/\" \/>\n<meta property=\"og:site_name\" content=\"Woody\" \/>\n<meta property=\"article:publisher\" content=\"https:\/\/www.facebook.com\/rideonwoody\" \/>\n<meta property=\"article:modified_time\" content=\"2021-03-07T18:51:51+00:00\" \/>\n<meta property=\"og:image\" content=\"https:\/\/i0.wp.com\/ride-on-woody.com\/wp-content\/uploads\/2021\/02\/2A_polnilec_eu.png?fit=800%2C800&ssl=1\" \/>\n\t<meta property=\"og:image:width\" content=\"800\" \/>\n\t<meta property=\"og:image:height\" content=\"800\" \/>\n\t<meta property=\"og:image:type\" content=\"image\/png\" \/>\n<meta name=\"twitter:card\" content=\"summary_large_image\" \/>\n<meta name=\"twitter:label1\" content=\"Est. reading time\" \/>\n\t<meta name=\"twitter:data1\" content=\"1 minuta\" \/>\n<script type=\"application\/ld+json\" class=\"yoast-schema-graph\">{\"@context\":\"https:\/\/schema.org\",\"@graph\":[{\"@type\":\"WebPage\",\"@id\":\"https:\/\/ride-on-woody.com\/sl\/shop\/polnilec-2a\/\",\"url\":\"https:\/\/ride-on-woody.com\/sl\/shop\/polnilec-2a\/\",\"name\":\"Polnilec 2A | Woody\",\"isPartOf\":{\"@id\":\"https:\/\/ride-on-woody.com\/sl\/#website\"},\"primaryImageOfPage\":{\"@id\":\"https:\/\/ride-on-woody.com\/sl\/shop\/polnilec-2a\/#primaryimage\"},\"image\":{\"@id\":\"https:\/\/ride-on-woody.com\/sl\/shop\/polnilec-2a\/#primaryimage\"},\"thumbnailUrl\":\"https:\/\/i0.wp.com\/ride-on-woody.com\/wp-content\/uploads\/2021\/02\/2A_polnilec_eu.png?fit=800%2C800&ssl=1\",\"datePublished\":\"2021-02-11T13:07:38+00:00\",\"dateModified\":\"2021-03-07T18:51:51+00:00\",\"description\":\"Polnilec za polnenje 12V baterijskih sistemov. Z indikacijsko lu\u010dko.\",\"breadcrumb\":{\"@id\":\"https:\/\/ride-on-woody.com\/sl\/shop\/polnilec-2a\/#breadcrumb\"},\"inLanguage\":\"sl-SI\",\"potentialAction\":[{\"@type\":\"ReadAction\",\"target\":[\"https:\/\/ride-on-woody.com\/sl\/shop\/polnilec-2a\/\"]}]},{\"@type\":\"ImageObject\",\"inLanguage\":\"sl-SI\",\"@id\":\"https:\/\/ride-on-woody.com\/sl\/shop\/polnilec-2a\/#primaryimage\",\"url\":\"https:\/\/i0.wp.com\/ride-on-woody.com\/wp-content\/uploads\/2021\/02\/2A_polnilec_eu.png?fit=800%2C800&ssl=1\",\"contentUrl\":\"https:\/\/i0.wp.com\/ride-on-woody.com\/wp-content\/uploads\/2021\/02\/2A_polnilec_eu.png?fit=800%2C800&ssl=1\",\"width\":800,\"height\":800},{\"@type\":\"BreadcrumbList\",\"@id\":\"https:\/\/ride-on-woody.com\/sl\/shop\/polnilec-2a\/#breadcrumb\",\"itemListElement\":[{\"@type\":\"ListItem\",\"position\":1,\"name\":\"Home\",\"item\":\"https:\/\/ride-on-woody.com\/sl\/\"},{\"@type\":\"ListItem\",\"position\":2,\"name\":\"Trgovina\",\"item\":\"https:\/\/ride-on-woody.com\/shop\/\"},{\"@type\":\"ListItem\",\"position\":3,\"name\":\"Polnilec 2A\"}]},{\"@type\":\"WebSite\",\"@id\":\"https:\/\/ride-on-woody.com\/sl\/#website\",\"url\":\"https:\/\/ride-on-woody.com\/sl\/\",\"name\":\"Woody\",\"description\":\"Prvi leseni elektri\u010dni avto za otroke na svetu!\",\"publisher\":{\"@id\":\"https:\/\/ride-on-woody.com\/sl\/#organization\"},\"potentialAction\":[{\"@type\":\"SearchAction\",\"target\":{\"@type\":\"EntryPoint\",\"urlTemplate\":\"https:\/\/ride-on-woody.com\/sl\/?s={search_term_string}\"},\"query-input\":{\"@type\":\"PropertyValueSpecification\",\"valueRequired\":true,\"valueName\":\"search_term_string\"}}],\"inLanguage\":\"sl-SI\"},{\"@type\":\"Organization\",\"@id\":\"https:\/\/ride-on-woody.com\/sl\/#organization\",\"name\":\"Woody ride-on cars\",\"url\":\"https:\/\/ride-on-woody.com\/sl\/\",\"logo\":{\"@type\":\"ImageObject\",\"inLanguage\":\"sl-SI\",\"@id\":\"https:\/\/ride-on-woody.com\/sl\/#\/schema\/logo\/image\/\",\"url\":\"https:\/\/i2.wp.com\/ride-on-woody.com\/wp-content\/uploads\/2020\/06\/IMG_3110-1.jpg?fit=619%2C619&ssl=1\",\"contentUrl\":\"https:\/\/i2.wp.com\/ride-on-woody.com\/wp-content\/uploads\/2020\/06\/IMG_3110-1.jpg?fit=619%2C619&ssl=1\",\"width\":619,\"height\":619,\"caption\":\"Woody ride-on cars\"},\"image\":{\"@id\":\"https:\/\/ride-on-woody.com\/sl\/#\/schema\/logo\/image\/\"},\"sameAs\":[\"https:\/\/www.facebook.com\/rideonwoody\",\"https:\/\/www.instagram.com\/ride_on_woody\/\",\"https:\/\/www.youtube.com\/watch?v=EZW9ILtCOVs&amp;amp;amp;amp;amp;amp;feature=youtu.be\"]}]}<\/script>\n<!-- \/ Yoast SEO plugin. -->","yoast_head_json":{"title":"Polnilec 2A | Woody","description":"Polnilec za polnenje 12V baterijskih sistemov. Z indikacijsko lu\u010dko.","robots":{"index":"index","follow":"follow","max-snippet":"max-snippet:-1","max-image-preview":"max-image-preview:large","max-video-preview":"max-video-preview:-1"},"canonical":"https:\/\/ride-on-woody.com\/sl\/shop\/polnilec-2a\/","og_locale":"sl_SI","og_type":"article","og_title":"Polnilec 2A | Woody","og_description":"Polnilec za polnenje 12V baterijskih sistemov. Z indikacijsko lu\u010dko.","og_url":"https:\/\/ride-on-woody.com\/sl\/shop\/polnilec-2a\/","og_site_name":"Woody","article_publisher":"https:\/\/www.facebook.com\/rideonwoody","article_modified_time":"2021-03-07T18:51:51+00:00","og_image":[{"width":800,"height":800,"url":"https:\/\/i0.wp.com\/ride-on-woody.com\/wp-content\/uploads\/2021\/02\/2A_polnilec_eu.png?fit=800%2C800&ssl=1","type":"image\/png"}],"twitter_card":"summary_large_image","twitter_misc":{"Est. reading time":"1 minuta"},"schema":{"@context":"https:\/\/schema.org","@graph":[{"@type":"WebPage","@id":"https:\/\/ride-on-woody.com\/sl\/shop\/polnilec-2a\/","url":"https:\/\/ride-on-woody.com\/sl\/shop\/polnilec-2a\/","name":"Polnilec 2A | Woody","isPartOf":{"@id":"https:\/\/ride-on-woody.com\/sl\/#website"},"primaryImageOfPage":{"@id":"https:\/\/ride-on-woody.com\/sl\/shop\/polnilec-2a\/#primaryimage"},"image":{"@id":"https:\/\/ride-on-woody.com\/sl\/shop\/polnilec-2a\/#primaryimage"},"thumbnailUrl":"https:\/\/i0.wp.com\/ride-on-woody.com\/wp-content\/uploads\/2021\/02\/2A_polnilec_eu.png?fit=800%2C800&ssl=1","datePublished":"2021-02-11T13:07:38+00:00","dateModified":"2021-03-07T18:51:51+00:00","description":"Polnilec za polnenje 12V baterijskih sistemov. Z indikacijsko lu\u010dko.","breadcrumb":{"@id":"https:\/\/ride-on-woody.com\/sl\/shop\/polnilec-2a\/#breadcrumb"},"inLanguage":"sl-SI","potentialAction":[{"@type":"ReadAction","target":["https:\/\/ride-on-woody.com\/sl\/shop\/polnilec-2a\/"]}]},{"@type":"ImageObject","inLanguage":"sl-SI","@id":"https:\/\/ride-on-woody.com\/sl\/shop\/polnilec-2a\/#primaryimage","url":"https:\/\/i0.wp.com\/ride-on-woody.com\/wp-content\/uploads\/2021\/02\/2A_polnilec_eu.png?fit=800%2C800&ssl=1","contentUrl":"https:\/\/i0.wp.com\/ride-on-woody.com\/wp-content\/uploads\/2021\/02\/2A_polnilec_eu.png?fit=800%2C800&ssl=1","width":800,"height":800},{"@type":"BreadcrumbList","@id":"https:\/\/ride-on-woody.com\/sl\/shop\/polnilec-2a\/#breadcrumb","itemListElement":[{"@type":"ListItem","position":1,"name":"Home","item":"https:\/\/ride-on-woody.com\/sl\/"},{"@type":"ListItem","position":2,"name":"Trgovina","item":"https:\/\/ride-on-woody.com\/shop\/"},{"@type":"ListItem","position":3,"name":"Polnilec 2A"}]},{"@type":"WebSite","@id":"https:\/\/ride-on-woody.com\/sl\/#website","url":"https:\/\/ride-on-woody.com\/sl\/","name":"Woody","description":"Prvi leseni elektri\u010dni avto za otroke na svetu!","publisher":{"@id":"https:\/\/ride-on-woody.com\/sl\/#organization"},"potentialAction":[{"@type":"SearchAction","target":{"@type":"EntryPoint","urlTemplate":"https:\/\/ride-on-woody.com\/sl\/?s={search_term_string}"},"query-input":{"@type":"PropertyValueSpecification","valueRequired":true,"valueName":"search_term_string"}}],"inLanguage":"sl-SI"},{"@type":"Organization","@id":"https:\/\/ride-on-woody.com\/sl\/#organization","name":"Woody ride-on cars","url":"https:\/\/ride-on-woody.com\/sl\/","logo":{"@type":"ImageObject","inLanguage":"sl-SI","@id":"https:\/\/ride-on-woody.com\/sl\/#\/schema\/logo\/image\/","url":"https:\/\/i2.wp.com\/ride-on-woody.com\/wp-content\/uploads\/2020\/06\/IMG_3110-1.jpg?fit=619%2C619&ssl=1","contentUrl":"https:\/\/i2.wp.com\/ride-on-woody.com\/wp-content\/uploads\/2020\/06\/IMG_3110-1.jpg?fit=619%2C619&ssl=1","width":619,"height":619,"caption":"Woody ride-on cars"},"image":{"@id":"https:\/\/ride-on-woody.com\/sl\/#\/schema\/logo\/image\/"},"sameAs":["https:\/\/www.facebook.com\/rideonwoody","https:\/\/www.instagram.com\/ride_on_woody\/","https:\/\/www.youtube.com\/watch?v=EZW9ILtCOVs&amp;amp;amp;amp;amp;amp;feature=youtu.be"]}]}},"jetpack_sharing_enabled":true,"_links":{"self":[{"href":"https:\/\/ride-on-woody.com\/sl\/wp-json\/wp\/v2\/product\/2897","targetHints":{"allow":["GET"]}}],"collection":[{"href":"https:\/\/ride-on-woody.com\/sl\/wp-json\/wp\/v2\/product"}],"about":[{"href":"https:\/\/ride-on-woody.com\/sl\/wp-json\/wp\/v2\/types\/product"}],"replies":[{"embeddable":true,"href":"https:\/\/ride-on-woody.com\/sl\/wp-json\/wp\/v2\/comments?post=2897"}],"version-history":[{"count":4,"href":"https:\/\/ride-on-woody.com\/sl\/wp-json\/wp\/v2\/product\/2897\/revisions"}],"predecessor-version":[{"id":3015,"href":"https:\/\/ride-on-woody.com\/sl\/wp-json\/wp\/v2\/product\/2897\/revisions\/3015"}],"wp:featuredmedia":[{"embeddable":true,"href":"https:\/\/ride-on-woody.com\/sl\/wp-json\/wp\/v2\/media\/2888"}],"wp:attachment":[{"href":"https:\/\/ride-on-woody.com\/sl\/wp-json\/wp\/v2\/media?parent=2897"}],"wp:term":[{"taxonomy":"product_brand","embeddable":true,"href":"https:\/\/ride-on-woody.com\/sl\/wp-json\/wp\/v2\/product_brand?post=2897"},{"taxonomy":"product_cat","embeddable":true,"href":"https:\/\/ride-on-woody.com\/sl\/wp-json\/wp\/v2\/product_cat?post=2897"},{"taxonomy":"product_tag","embeddable":true,"href":"https:\/\/ride-on-woody.com\/sl\/wp-json\/wp\/v2\/product_tag?post=2897"}],"curies":[{"name":"wp","href":"https:\/\/api.w.org\/{rel}","templated":true}]}}